{"id":273,"date":"2020-09-04T08:32:55","date_gmt":"2020-09-04T06:32:55","guid":{"rendered":"https:\/\/blogottprod.wpengine.com\/?page_id=273"},"modified":"2020-12-11T09:37:46","modified_gmt":"2020-12-11T08:37:46","slug":"themen","status":"publish","type":"page","link":"https:\/\/blog.otthydromet.com\/de\/themen\/","title":{"rendered":"Themen"},"content":{"rendered":"\t\t<div data-elementor-type=\"wp-page\" data-elementor-id=\"273\" class=\"elementor elementor-273\" data-elementor-post-type=\"page\">\n\t\t\t\t\t\t<section class=\"elementor-section elementor-top-section elementor-element elementor-element-897e7ad elementor-section-boxed elementor-section-height-default elementor-section-height-default\" data-id=\"897e7ad\" data-element_type=\"section\" data-e-type=\"section\">\n\t\t\t\t\t\t<div class=\"elementor-container elementor-column-gap-no\">\n\t\t\t\t\t<div class=\"elementor-column elementor-col-100 elementor-top-column elementor-element elementor-element-a3a135f\" data-id=\"a3a135f\" data-element_type=\"column\" data-e-type=\"column\">\n\t\t\t<div class=\"elementor-widget-wrap elementor-element-populated\">\n\t\t\t\t\t\t<div class=\"elementor-element elementor-element-de6db64 elementor-widget elementor-widget-heading\" data-id=\"de6db64\" data-element_type=\"widget\" data-e-type=\"widget\" data-widget_type=\"heading.default\">\n\t\t\t\t<div class=\"elementor-widget-container\">\n\t\t\t\t\t<h1 class=\"elementor-heading-title elementor-size-default\">Themen<\/h1>\t\t\t\t<\/div>\n\t\t\t\t<\/div>\n\t\t\t\t<div class=\"elementor-element elementor-element-5deca97 elementor-widget elementor-widget-text-editor\" data-id=\"5deca97\" data-element_type=\"widget\" data-e-type=\"widget\" data-widget_type=\"text-editor.default\">\n\t\t\t\t<div class=\"elementor-widget-container\">\n\t\t\t\t\t\t\t\t\t<p>Nur wer die Elemente im Blick beh\u00e4lt, versteht unseren Planeten. Dieser Blog erz\u00e4hlt die vielf\u00e4ltigen Geschichten von Experten, die mithilfe unserer Sensoren und L\u00f6sungen die Umwelt beobachten. OTT HydroMet vereint das Wissen von sieben starker Marken mit insgesamt 600 Jahren Erfahrung in Hydrologie, Meteorologie und Solarenergie.<\/p><p><strong>Mit einem Klick auf ein Thema gelangen Sie zu einer \u00dcbersicht aller jeweiligen Artikel.<\/strong><\/p>\t\t\t\t\t\t\t\t<\/div>\n\t\t\t\t<\/div>\n\t\t\t\t\t<\/div>\n\t\t<\/div>\n\t\t\t\t\t<\/div>\n\t\t<\/section>\n\t\t\t\t<section class=\"elementor-section elementor-top-section elementor-element elementor-element-4f1e7d2 elementor-section-boxed elementor-section-height-default elementor-section-height-default\" data-id=\"4f1e7d2\" data-element_type=\"section\" data-e-type=\"section\">\n\t\t\t\t\t\t<div class=\"elementor-container elementor-column-gap-no\">\n\t\t\t\t\t<div class=\"elementor-column elementor-col-100 elementor-top-column elementor-element elementor-element-c0a0faa\" data-id=\"c0a0faa\" data-element_type=\"column\" data-e-type=\"column\">\n\t\t\t<div class=\"elementor-widget-wrap elementor-element-populated\">\n\t\t\t\t\t\t<div class=\"elementor-element elementor-element-dbc9070 elementor-widget elementor-widget-image\" data-id=\"dbc9070\" data-element_type=\"widget\" data-e-type=\"widget\" data-widget_type=\"image.default\">\n\t\t\t\t<div class=\"elementor-widget-container\">\n\t\t\t\t\t\t\t\t\t\t\t\t\t\t\t\t<a href=\"https:\/\/blog.otthydromet.com\/de\/category\/hydrologie\/\">\n\t\t\t\t\t\t\t<img fetchpriority=\"high\" decoding=\"async\" width=\"1920\" height=\"1080\" src=\"https:\/\/blog.otthydromet.com\/wp-content\/uploads\/2020\/10\/Hydro_Title.jpg\" class=\"attachment-full size-full wp-image-879\" alt=\"\" srcset=\"https:\/\/blog.otthydromet.com\/wp-content\/uploads\/2020\/10\/Hydro_Title.jpg 1920w, https:\/\/blog.otthydromet.com\/wp-content\/uploads\/2020\/10\/Hydro_Title-300x169.jpg 300w, https:\/\/blog.otthydromet.com\/wp-content\/uploads\/2020\/10\/Hydro_Title-1024x576.jpg 1024w, https:\/\/blog.otthydromet.com\/wp-content\/uploads\/2020\/10\/Hydro_Title-768x432.jpg 768w, https:\/\/blog.otthydromet.com\/wp-content\/uploads\/2020\/10\/Hydro_Title-1536x864.jpg 1536w\" sizes=\"(max-width: 1920px) 100vw, 1920px\" \/>\t\t\t\t\t\t\t\t<\/a>\n\t\t\t\t\t\t\t\t\t\t\t\t\t\t\t<\/div>\n\t\t\t\t<\/div>\n\t\t\t\t<div class=\"elementor-element elementor-element-d80451e elementor-widget elementor-widget-heading\" data-id=\"d80451e\" data-element_type=\"widget\" data-e-type=\"widget\" data-widget_type=\"heading.default\">\n\t\t\t\t<div class=\"elementor-widget-container\">\n\t\t\t\t\t<h1 class=\"elementor-heading-title elementor-size-default\"><a href=\"https:\/\/blog.otthydromet.com\/de\/category\/hydrologie\/\">Hydrologie<\/a><\/h1>\t\t\t\t<\/div>\n\t\t\t\t<\/div>\n\t\t\t\t<div class=\"elementor-element elementor-element-fb74c30 elementor-widget elementor-widget-text-editor\" data-id=\"fb74c30\" data-element_type=\"widget\" data-e-type=\"widget\" data-widget_type=\"text-editor.default\">\n\t\t\t\t<div class=\"elementor-widget-container\">\n\t\t\t\t\t\t\t\t\t<p>OTT Hydromet unterst\u00fctzt die Verantwortlichen in der Wasserwirtschaft, bei Umweltbeh\u00f6rden oder Wetterdiensten dabei, zuverl\u00e4ssige Daten innerhalb des gesamten Wetter- und Wasserkreislaufs zu erheben. Wir gehen \u00fcber die blo\u00dfe Bereitstellung von L\u00f6sungen hinaus, indem wir gemeinsam mit unseren Kunden effektive Antworten auf die Herausforderungen erarbeiten, denen sie in ihrer entscheidenden Rolle bei der \u00dcberwachung des Wasser- und Oberfl\u00e4chenwetters der Welt begegnen. OTT HydroMet basiert auf der Erfahrung und Expertise der vier starken Marken OTT, Sutron, Hydrolab und Aquatic Informatics auf den Feldern der Wasserqualit\u00e4t, Oberfl\u00e4chengew\u00e4sser und Telemetrie.<\/p><p>In diesem Ressort lesen Sie unter anderem Beitr\u00e4ge zu den Themen Wasserwirtschaft, Flutwarnung, Landwirtschaft.<\/p>\t\t\t\t\t\t\t\t<\/div>\n\t\t\t\t<\/div>\n\t\t\t\t<div class=\"elementor-element elementor-element-06aef1a elementor-align-justify elementor-widget elementor-widget-button\" data-id=\"06aef1a\" data-element_type=\"widget\" data-e-type=\"widget\" data-widget_type=\"button.default\">\n\t\t\t\t<div class=\"elementor-widget-container\">\n\t\t\t\t\t\t\t\t\t<div class=\"elementor-button-wrapper\">\n\t\t\t\t\t<a class=\"elementor-button elementor-button-link elementor-size-sm\" href=\"https:\/\/blog.otthydromet.com\/de\/category\/hydrologie\/\">\n\t\t\t\t\t\t<span class=\"elementor-button-content-wrapper\">\n\t\t\t\t\t\t\t\t\t<span class=\"elementor-button-text\">Alle Beitr\u00e4ge ansehen<\/span>\n\t\t\t\t\t<\/span>\n\t\t\t\t\t<\/a>\n\t\t\t\t<\/div>\n\t\t\t\t\t\t\t\t<\/div>\n\t\t\t\t<\/div>\n\t\t\t\t<div class=\"elementor-element elementor-element-f529467 elementor-widget elementor-widget-image\" data-id=\"f529467\" data-element_type=\"widget\" data-e-type=\"widget\" data-widget_type=\"image.default\">\n\t\t\t\t<div class=\"elementor-widget-container\">\n\t\t\t\t\t\t\t\t\t\t\t\t\t\t\t\t<a href=\"https:\/\/blog.otthydromet.com\/de\/category\/meteorologie\/\">\n\t\t\t\t\t\t\t<img decoding=\"async\" width=\"1920\" height=\"1080\" src=\"https:\/\/blog.otthydromet.com\/wp-content\/uploads\/2020\/10\/Meteorology.jpg\" class=\"attachment-full size-full wp-image-875\" alt=\"\" srcset=\"https:\/\/blog.otthydromet.com\/wp-content\/uploads\/2020\/10\/Meteorology.jpg 1920w, https:\/\/blog.otthydromet.com\/wp-content\/uploads\/2020\/10\/Meteorology-300x169.jpg 300w, https:\/\/blog.otthydromet.com\/wp-content\/uploads\/2020\/10\/Meteorology-1024x576.jpg 1024w, https:\/\/blog.otthydromet.com\/wp-content\/uploads\/2020\/10\/Meteorology-768x432.jpg 768w, https:\/\/blog.otthydromet.com\/wp-content\/uploads\/2020\/10\/Meteorology-1536x864.jpg 1536w\" sizes=\"(max-width: 1920px) 100vw, 1920px\" \/>\t\t\t\t\t\t\t\t<\/a>\n\t\t\t\t\t\t\t\t\t\t\t\t\t\t\t<\/div>\n\t\t\t\t<\/div>\n\t\t\t\t<div class=\"elementor-element elementor-element-5fe86e0 elementor-widget elementor-widget-heading\" data-id=\"5fe86e0\" data-element_type=\"widget\" data-e-type=\"widget\" data-widget_type=\"heading.default\">\n\t\t\t\t<div class=\"elementor-widget-container\">\n\t\t\t\t\t<h1 class=\"elementor-heading-title elementor-size-default\"><a href=\"https:\/\/blog.otthydromet.com\/de\/category\/meteorologie\/\">Meteorologie<\/a><\/h1>\t\t\t\t<\/div>\n\t\t\t\t<\/div>\n\t\t\t\t<div class=\"elementor-element elementor-element-9b4814d elementor-widget elementor-widget-text-editor\" data-id=\"9b4814d\" data-element_type=\"widget\" data-e-type=\"widget\" data-widget_type=\"text-editor.default\">\n\t\t\t\t<div class=\"elementor-widget-container\">\n\t\t\t\t\t\t\t\t\t<p>OTT HydroMet vereint 250 Jahre Erfahrung in der Meteorologie und der Klimaforschung, getragen von den erfolgreichen Marken Lufft und Kipp &amp; Zonen, die in ihren Segmenten jeweils zu den f\u00fchrenden Herstellern weltweit geh\u00f6ren. In \u00fcber 120 L\u00e4ndern vertrauen f\u00fchrende Wetterdienste und Forschungsinstitute auf unsere Messinstrumente. \u00dcber 50.000 unserer Sensoren sind weltweit im Einsatz, sammeln meteorologische Daten, um die Umwelt besser zu verstehen, kurz- und langfristige Vorhersagen zu treffen und wissenschaftliche Forschung voranzutreiben.<\/p><p>In diesem Bereich lesen Sie unter anderem Beitr\u00e4ge zu den Themen Atmosph\u00e4rische Meteorologie, Klimatologie sowie Stra\u00dfen- und Flughafenwetter.<\/p>\t\t\t\t\t\t\t\t<\/div>\n\t\t\t\t<\/div>\n\t\t\t\t<div class=\"elementor-element elementor-element-652bb74 elementor-align-justify elementor-widget elementor-widget-button\" data-id=\"652bb74\" data-element_type=\"widget\" data-e-type=\"widget\" data-widget_type=\"button.default\">\n\t\t\t\t<div class=\"elementor-widget-container\">\n\t\t\t\t\t\t\t\t\t<div class=\"elementor-button-wrapper\">\n\t\t\t\t\t<a class=\"elementor-button elementor-button-link elementor-size-sm\" href=\"https:\/\/blog.otthydromet.com\/de\/category\/meteorologie\/\">\n\t\t\t\t\t\t<span class=\"elementor-button-content-wrapper\">\n\t\t\t\t\t\t\t\t\t<span class=\"elementor-button-text\">Alle Beitr\u00e4ge ansehen<\/span>\n\t\t\t\t\t<\/span>\n\t\t\t\t\t<\/a>\n\t\t\t\t<\/div>\n\t\t\t\t\t\t\t\t<\/div>\n\t\t\t\t<\/div>\n\t\t\t\t<div class=\"elementor-element elementor-element-f800773 elementor-widget elementor-widget-image\" data-id=\"f800773\" data-element_type=\"widget\" data-e-type=\"widget\" data-widget_type=\"image.default\">\n\t\t\t\t<div class=\"elementor-widget-container\">\n\t\t\t\t\t\t\t\t\t\t\t\t\t\t\t\t<a href=\"https:\/\/blog.otthydromet.com\/de\/category\/solarenergie\/\">\n\t\t\t\t\t\t\t<img decoding=\"async\" width=\"1920\" height=\"1080\" src=\"https:\/\/blog.otthydromet.com\/wp-content\/uploads\/2020\/10\/Solar2.jpg\" class=\"attachment-full size-full wp-image-877\" alt=\"\" srcset=\"https:\/\/blog.otthydromet.com\/wp-content\/uploads\/2020\/10\/Solar2.jpg 1920w, https:\/\/blog.otthydromet.com\/wp-content\/uploads\/2020\/10\/Solar2-300x169.jpg 300w, https:\/\/blog.otthydromet.com\/wp-content\/uploads\/2020\/10\/Solar2-1024x576.jpg 1024w, https:\/\/blog.otthydromet.com\/wp-content\/uploads\/2020\/10\/Solar2-768x432.jpg 768w, https:\/\/blog.otthydromet.com\/wp-content\/uploads\/2020\/10\/Solar2-1536x864.jpg 1536w\" sizes=\"(max-width: 1920px) 100vw, 1920px\" \/>\t\t\t\t\t\t\t\t<\/a>\n\t\t\t\t\t\t\t\t\t\t\t\t\t\t\t<\/div>\n\t\t\t\t<\/div>\n\t\t\t\t<div class=\"elementor-element elementor-element-6888f58 elementor-widget elementor-widget-heading\" data-id=\"6888f58\" data-element_type=\"widget\" data-e-type=\"widget\" data-widget_type=\"heading.default\">\n\t\t\t\t<div class=\"elementor-widget-container\">\n\t\t\t\t\t<h1 class=\"elementor-heading-title elementor-size-default\"><a href=\"https:\/\/blog.otthydromet.com\/de\/category\/solarenergie\/\">Solarenergie<\/a><\/h1>\t\t\t\t<\/div>\n\t\t\t\t<\/div>\n\t\t\t\t<div class=\"elementor-element elementor-element-481210e elementor-widget elementor-widget-text-editor\" data-id=\"481210e\" data-element_type=\"widget\" data-e-type=\"widget\" data-widget_type=\"text-editor.default\">\n\t\t\t\t<div class=\"elementor-widget-container\">\n\t\t\t\t\t\t\t\t\t<p>Die Marken Kipp &amp; Zonen und Lufft stehen f\u00fcr verl\u00e4ssliche Messung und \u00dcberwachung von Umweltparametern, die bei der Erzeugung von Strom aus erneuerbaren Energien relevant sind. Mit seinen bew\u00e4hrten Pyranometern ist Kipp &amp; Zonen Marktf\u00fchrer bei der Messung von Sonnenstrahlung und geh\u00f6rt zur Grundausstattung vieler Photovoltaikanlagen auf der ganzen Welt. Luffts kompakte Wetterstationen verrichten nicht nur auf Windkraftr\u00e4dern ihren wichtigen Dienst, wo sie alle wesentlichen meteorologischen Parameter in einem einzigen Geh\u00e4use erfassen.<\/p><p>In diesem Bereich decken wir die unter anderen die Themen erneuerbare Energien, PV Monitoring, Dachmonitoring und Sonnenstrahlungsmessung ab.<\/p>\t\t\t\t\t\t\t\t<\/div>\n\t\t\t\t<\/div>\n\t\t\t\t<div class=\"elementor-element elementor-element-9252176 elementor-align-justify elementor-widget elementor-widget-button\" data-id=\"9252176\" data-element_type=\"widget\" data-e-type=\"widget\" data-widget_type=\"button.default\">\n\t\t\t\t<div class=\"elementor-widget-container\">\n\t\t\t\t\t\t\t\t\t<div class=\"elementor-button-wrapper\">\n\t\t\t\t\t<a class=\"elementor-button elementor-button-link elementor-size-sm\" href=\"https:\/\/blog.otthydromet.com\/de\/category\/solarenergie\/\">\n\t\t\t\t\t\t<span class=\"elementor-button-content-wrapper\">\n\t\t\t\t\t\t\t\t\t<span class=\"elementor-button-text\">Alle Beitr\u00e4ge ansehen<\/span>\n\t\t\t\t\t<\/span>\n\t\t\t\t\t<\/a>\n\t\t\t\t<\/div>\n\t\t\t\t\t\t\t\t<\/div>\n\t\t\t\t<\/div>\n\t\t\t\t\t<\/div>\n\t\t<\/div>\n\t\t\t\t\t<\/div>\n\t\t<\/section>\n\t\t\t\t<\/div>\n\t\t","protected":false},"excerpt":{"rendered":"<p>Nur wer die Elemente im Blick beh\u00e4lt, versteht unseren Planeten. Dieser Blog erz\u00e4hlt die vielf\u00e4ltigen Geschichten von Experten, die mithilfe unserer Sensoren und L\u00f6sungen die Umwelt beobachten. OTT HydroMet vereint das Wissen von sieben starker Marken mit insgesamt 600 Jahren Erfahrung in Hydrologie, Meteorologie und Solarenergie. Mit einem Klick auf ein Thema gelangen Sie zu [&hellip;]<\/p>\n","protected":false},"author":9,"featured_media":0,"parent":0,"menu_order":0,"comment_status":"closed","ping_status":"closed","template":"","meta":{"footnotes":""},"class_list":["post-273","page","type-page","status-publish","hentry"],"yoast_head":"<!-- This site is optimized with the Yoast SEO plugin v27.2 - https:\/\/yoast.com\/product\/yoast-seo-wordpress\/ -->\n<title>Themen - OTT Blog<\/title>\n<meta name=\"robots\" content=\"index, follow, max-snippet:-1, max-image-preview:large, max-video-preview:-1\" \/>\n<link rel=\"canonical\" href=\"https:\/\/blog.otthydromet.com\/de\/themen\/\" \/>\n<meta property=\"og:locale\" content=\"de_DE\" \/>\n<meta property=\"og:type\" content=\"article\" \/>\n<meta property=\"og:title\" content=\"Themen - OTT Blog\" \/>\n<meta property=\"og:description\" content=\"Nur wer die Elemente im Blick beh\u00e4lt, versteht unseren Planeten. Dieser Blog erz\u00e4hlt die vielf\u00e4ltigen Geschichten von Experten, die mithilfe unserer Sensoren und L\u00f6sungen die Umwelt beobachten. OTT HydroMet vereint das Wissen von sieben starker Marken mit insgesamt 600 Jahren Erfahrung in Hydrologie, Meteorologie und Solarenergie. Mit einem Klick auf ein Thema gelangen Sie zu [&hellip;]\" \/>\n<meta property=\"og:url\" content=\"https:\/\/blog.otthydromet.com\/de\/themen\/\" \/>\n<meta property=\"og:site_name\" content=\"OTT Blog\" \/>\n<meta property=\"article:modified_time\" content=\"2020-12-11T08:37:46+00:00\" \/>\n<meta property=\"og:image\" content=\"https:\/\/blog.otthydromet.com\/wp-content\/uploads\/2020\/10\/Hydro_Title.jpg\" \/>\n<meta name=\"twitter:card\" content=\"summary_large_image\" \/>\n<meta name=\"twitter:label1\" content=\"Gesch\u00e4tzte Lesezeit\" \/>\n\t<meta name=\"twitter:data1\" content=\"2\u00a0Minuten\" \/>\n<script type=\"application\/ld+json\" class=\"yoast-schema-graph\">{\"@context\":\"https:\/\/schema.org\",\"@graph\":[{\"@type\":\"WebPage\",\"@id\":\"https:\/\/blog.otthydromet.com\/de\/themen\/\",\"url\":\"https:\/\/blog.otthydromet.com\/de\/themen\/\",\"name\":\"Themen - OTT Blog\",\"isPartOf\":{\"@id\":\"https:\/\/blog.otthydromet.com\/de\/#website\"},\"primaryImageOfPage\":{\"@id\":\"https:\/\/blog.otthydromet.com\/de\/themen\/#primaryimage\"},\"image\":{\"@id\":\"https:\/\/blog.otthydromet.com\/de\/themen\/#primaryimage\"},\"thumbnailUrl\":\"https:\/\/blog.otthydromet.com\/wp-content\/uploads\/2020\/10\/Hydro_Title.jpg\",\"datePublished\":\"2020-09-04T06:32:55+00:00\",\"dateModified\":\"2020-12-11T08:37:46+00:00\",\"breadcrumb\":{\"@id\":\"https:\/\/blog.otthydromet.com\/de\/themen\/#breadcrumb\"},\"inLanguage\":\"de\",\"potentialAction\":[{\"@type\":\"ReadAction\",\"target\":[\"https:\/\/blog.otthydromet.com\/de\/themen\/\"]}]},{\"@type\":\"ImageObject\",\"inLanguage\":\"de\",\"@id\":\"https:\/\/blog.otthydromet.com\/de\/themen\/#primaryimage\",\"url\":\"https:\/\/blog.otthydromet.com\/wp-content\/uploads\/2020\/10\/Hydro_Title.jpg\",\"contentUrl\":\"https:\/\/blog.otthydromet.com\/wp-content\/uploads\/2020\/10\/Hydro_Title.jpg\"},{\"@type\":\"BreadcrumbList\",\"@id\":\"https:\/\/blog.otthydromet.com\/de\/themen\/#breadcrumb\",\"itemListElement\":[{\"@type\":\"ListItem\",\"position\":1,\"name\":\"Startseite\",\"item\":\"https:\/\/blog.otthydromet.com\/de\/\"},{\"@type\":\"ListItem\",\"position\":2,\"name\":\"Themen\"}]},{\"@type\":\"WebSite\",\"@id\":\"https:\/\/blog.otthydromet.com\/de\/#website\",\"url\":\"https:\/\/blog.otthydromet.com\/de\/\",\"name\":\"OTT Blog\",\"description\":\"HydroMet\",\"publisher\":{\"@id\":\"https:\/\/blog.otthydromet.com\/de\/#organization\"},\"potentialAction\":[{\"@type\":\"SearchAction\",\"target\":{\"@type\":\"EntryPoint\",\"urlTemplate\":\"https:\/\/blog.otthydromet.com\/de\/?s={search_term_string}\"},\"query-input\":{\"@type\":\"PropertyValueSpecification\",\"valueRequired\":true,\"valueName\":\"search_term_string\"}}],\"inLanguage\":\"de\"},{\"@type\":\"Organization\",\"@id\":\"https:\/\/blog.otthydromet.com\/de\/#organization\",\"name\":\"OTT HydroMet\",\"url\":\"https:\/\/blog.otthydromet.com\/de\/\",\"logo\":{\"@type\":\"ImageObject\",\"inLanguage\":\"de\",\"@id\":\"https:\/\/blog.otthydromet.com\/de\/#\/schema\/logo\/image\/\",\"url\":\"https:\/\/blog.otthydromet.com\/wp-content\/uploads\/2020\/07\/ottblog_logo.svg\",\"contentUrl\":\"https:\/\/blog.otthydromet.com\/wp-content\/uploads\/2020\/07\/ottblog_logo.svg\",\"width\":176,\"height\":60,\"caption\":\"OTT HydroMet\"},\"image\":{\"@id\":\"https:\/\/blog.otthydromet.com\/de\/#\/schema\/logo\/image\/\"}}]}<\/script>\n<!-- \/ Yoast SEO plugin. -->","yoast_head_json":{"title":"Themen - OTT Blog","robots":{"index":"index","follow":"follow","max-snippet":"max-snippet:-1","max-image-preview":"max-image-preview:large","max-video-preview":"max-video-preview:-1"},"canonical":"https:\/\/blog.otthydromet.com\/de\/themen\/","og_locale":"de_DE","og_type":"article","og_title":"Themen - OTT Blog","og_description":"Nur wer die Elemente im Blick beh\u00e4lt, versteht unseren Planeten. Dieser Blog erz\u00e4hlt die vielf\u00e4ltigen Geschichten von Experten, die mithilfe unserer Sensoren und L\u00f6sungen die Umwelt beobachten. OTT HydroMet vereint das Wissen von sieben starker Marken mit insgesamt 600 Jahren Erfahrung in Hydrologie, Meteorologie und Solarenergie. Mit einem Klick auf ein Thema gelangen Sie zu [&hellip;]","og_url":"https:\/\/blog.otthydromet.com\/de\/themen\/","og_site_name":"OTT Blog","article_modified_time":"2020-12-11T08:37:46+00:00","og_image":[{"url":"https:\/\/blog.otthydromet.com\/wp-content\/uploads\/2020\/10\/Hydro_Title.jpg","type":"","width":"","height":""}],"twitter_card":"summary_large_image","twitter_misc":{"Gesch\u00e4tzte Lesezeit":"2\u00a0Minuten"},"schema":{"@context":"https:\/\/schema.org","@graph":[{"@type":"WebPage","@id":"https:\/\/blog.otthydromet.com\/de\/themen\/","url":"https:\/\/blog.otthydromet.com\/de\/themen\/","name":"Themen - OTT Blog","isPartOf":{"@id":"https:\/\/blog.otthydromet.com\/de\/#website"},"primaryImageOfPage":{"@id":"https:\/\/blog.otthydromet.com\/de\/themen\/#primaryimage"},"image":{"@id":"https:\/\/blog.otthydromet.com\/de\/themen\/#primaryimage"},"thumbnailUrl":"https:\/\/blog.otthydromet.com\/wp-content\/uploads\/2020\/10\/Hydro_Title.jpg","datePublished":"2020-09-04T06:32:55+00:00","dateModified":"2020-12-11T08:37:46+00:00","breadcrumb":{"@id":"https:\/\/blog.otthydromet.com\/de\/themen\/#breadcrumb"},"inLanguage":"de","potentialAction":[{"@type":"ReadAction","target":["https:\/\/blog.otthydromet.com\/de\/themen\/"]}]},{"@type":"ImageObject","inLanguage":"de","@id":"https:\/\/blog.otthydromet.com\/de\/themen\/#primaryimage","url":"https:\/\/blog.otthydromet.com\/wp-content\/uploads\/2020\/10\/Hydro_Title.jpg","contentUrl":"https:\/\/blog.otthydromet.com\/wp-content\/uploads\/2020\/10\/Hydro_Title.jpg"},{"@type":"BreadcrumbList","@id":"https:\/\/blog.otthydromet.com\/de\/themen\/#breadcrumb","itemListElement":[{"@type":"ListItem","position":1,"name":"Startseite","item":"https:\/\/blog.otthydromet.com\/de\/"},{"@type":"ListItem","position":2,"name":"Themen"}]},{"@type":"WebSite","@id":"https:\/\/blog.otthydromet.com\/de\/#website","url":"https:\/\/blog.otthydromet.com\/de\/","name":"OTT Blog","description":"HydroMet","publisher":{"@id":"https:\/\/blog.otthydromet.com\/de\/#organization"},"potentialAction":[{"@type":"SearchAction","target":{"@type":"EntryPoint","urlTemplate":"https:\/\/blog.otthydromet.com\/de\/?s={search_term_string}"},"query-input":{"@type":"PropertyValueSpecification","valueRequired":true,"valueName":"search_term_string"}}],"inLanguage":"de"},{"@type":"Organization","@id":"https:\/\/blog.otthydromet.com\/de\/#organization","name":"OTT HydroMet","url":"https:\/\/blog.otthydromet.com\/de\/","logo":{"@type":"ImageObject","inLanguage":"de","@id":"https:\/\/blog.otthydromet.com\/de\/#\/schema\/logo\/image\/","url":"https:\/\/blog.otthydromet.com\/wp-content\/uploads\/2020\/07\/ottblog_logo.svg","contentUrl":"https:\/\/blog.otthydromet.com\/wp-content\/uploads\/2020\/07\/ottblog_logo.svg","width":176,"height":60,"caption":"OTT HydroMet"},"image":{"@id":"https:\/\/blog.otthydromet.com\/de\/#\/schema\/logo\/image\/"}}]}},"_links":{"self":[{"href":"https:\/\/blog.otthydromet.com\/de\/wp-json\/wp\/v2\/pages\/273","targetHints":{"allow":["GET"]}}],"collection":[{"href":"https:\/\/blog.otthydromet.com\/de\/wp-json\/wp\/v2\/pages"}],"about":[{"href":"https:\/\/blog.otthydromet.com\/de\/wp-json\/wp\/v2\/types\/page"}],"author":[{"embeddable":true,"href":"https:\/\/blog.otthydromet.com\/de\/wp-json\/wp\/v2\/users\/9"}],"replies":[{"embeddable":true,"href":"https:\/\/blog.otthydromet.com\/de\/wp-json\/wp\/v2\/comments?post=273"}],"version-history":[{"count":0,"href":"https:\/\/blog.otthydromet.com\/de\/wp-json\/wp\/v2\/pages\/273\/revisions"}],"wp:attachment":[{"href":"https:\/\/blog.otthydromet.com\/de\/wp-json\/wp\/v2\/media?parent=273"}],"curies":[{"name":"wp","href":"https:\/\/api.w.org\/{rel}","templated":true}]}}